{"id":47,"date":"2024-08-01T21:52:31","date_gmt":"2024-08-02T00:52:31","guid":{"rendered":"https:\/\/wkservice.com.br\/?page_id=47"},"modified":"2024-08-01T22:42:05","modified_gmt":"2024-08-02T01:42:05","slug":"servicos","status":"publish","type":"page","link":"https:\/\/wkservice.com.br\/?page_id=47","title":{"rendered":"Servi\u00e7os"},"content":{"rendered":"\n<p>Prestamos servi\u00e7os de manuten\u00e7\u00e3o corretiva, preventiva e preditiva em equipamentos de usinagem CNC.<\/p>\n\n\n\n<p>Ofertamos medi\u00e7\u00e3o e laudo de Renishaw Ballbar, equipamento respons\u00e1vel por diversas medi\u00e7\u00f5es relacionadas a geometria do equipamento.<\/p>\n\n\n\n<p>Estamos equipados com sistemas de medi\u00e7\u00e3o e calibra\u00e7\u00e3o de encoders e escalas lineares (r\u00e9guas de medi\u00e7\u00e3o) de todas as marcas, inclusive Heidenhain EnDat sistemas de medi\u00e7\u00e3o absolutos e equipamentos da marca MagneScale.<\/p>\n\n\n\n<p>Equipamentos de an\u00e1lise como Meg\u00f4hmetro, Terr\u00f4metro, Torque de fixa\u00e7\u00e3o de ferramentas e Termografia.<\/p>\n\n\n\n<p>Fornecemos treinamentos para mantenedores na empresa e online. <\/p>\n","protected":false},"excerpt":{"rendered":"<p>Prestamos servi\u00e7os de manuten\u00e7\u00e3o corretiva, preventiva e preditiva em equipamentos de usinagem CNC. Ofertamos medi\u00e7\u00e3o e laudo de Renishaw Ballbar, equipamento respons\u00e1vel por diversas medi\u00e7\u00f5es relacionadas a geometria do equipamento. Estamos equipados com sistemas de medi\u00e7\u00e3o e calibra\u00e7\u00e3o de encoders e escalas lineares (r\u00e9guas de medi\u00e7\u00e3o) de todas as marcas, inclusive Heidenhain EnDat sistemas de&#8230;<\/p>\n","protected":false},"author":1,"featured_media":0,"parent":0,"menu_order":0,"comment_status":"closed","ping_status":"closed","template":"","meta":{"_monsterinsights_skip_tracking":false,"_monsterinsights_sitenote_active":false,"_monsterinsights_sitenote_note":"","_monsterinsights_sitenote_category":0,"_kad_post_transparent":"","_kad_post_title":"","_kad_post_layout":"","_kad_post_sidebar_id":"","_kad_post_content_style":"","_kad_post_vertical_padding":"","_kad_post_feature":"","_kad_post_feature_position":"","_kad_post_header":false,"_kad_post_footer":false,"footnotes":""},"class_list":["post-47","page","type-page","status-publish","hentry"],"aioseo_notices":[],"_links":{"self":[{"href":"https:\/\/wkservice.com.br\/index.php?rest_route=\/wp\/v2\/pages\/47"}],"collection":[{"href":"https:\/\/wkservice.com.br\/index.php?rest_route=\/wp\/v2\/pages"}],"about":[{"href":"https:\/\/wkservice.com.br\/index.php?rest_route=\/wp\/v2\/types\/page"}],"author":[{"embeddable":true,"href":"https:\/\/wkservice.com.br\/index.php?rest_route=\/wp\/v2\/users\/1"}],"replies":[{"embeddable":true,"href":"https:\/\/wkservice.com.br\/index.php?rest_route=%2Fwp%2Fv2%2Fcomments&post=47"}],"version-history":[{"count":1,"href":"https:\/\/wkservice.com.br\/index.php?rest_route=\/wp\/v2\/pages\/47\/revisions"}],"predecessor-version":[{"id":48,"href":"https:\/\/wkservice.com.br\/index.php?rest_route=\/wp\/v2\/pages\/47\/revisions\/48"}],"wp:attachment":[{"href":"https:\/\/wkservice.com.br\/index.php?rest_route=%2Fwp%2Fv2%2Fmedia&parent=47"}],"curies":[{"name":"wp","href":"https:\/\/api.w.org\/{rel}","templated":true}]}}