{"id":2,"date":"2024-03-02T17:43:53","date_gmt":"2024-03-02T20:43:53","guid":{"rendered":"http:\/\/wkservice.com.br\/?page_id=2"},"modified":"2024-08-02T12:59:08","modified_gmt":"2024-08-02T15:59:08","slug":"pagina-exemplo","status":"publish","type":"page","link":"https:\/\/wkservice.com.br\/","title":{"rendered":""},"content":{"rendered":"\n<figure class=\"wp-block-image size-full\"><img loading=\"lazy\" decoding=\"async\" width=\"290\" height=\"108\" src=\"https:\/\/wkservice.com.br\/wp-content\/uploads\/2024\/08\/logo_transparente.png\" alt=\"\" class=\"wp-image-81\"\/><\/figure>\n\n\n\n<hr class=\"wp-block-separator has-alpha-channel-opacity is-style-wide\"\/>\n\n\n\n<p>Somos a &#8220;Weise Kraft Service&#8221;, uma empresa especializada em manuten\u00e7\u00e3o, reparo e suporte t\u00e9cnico de equipamentos CNC. Atuando no mercado desde 2014, busca proporcionar ao cliente a m\u00e1xima produtividade, com base em nossas solu\u00e7\u00f5es. Estamos localizados na cidade de Jaragu\u00e1 do Sul\/ SC e atendemos todo o Brasil.<br><\/p>\n\n\n\n<hr class=\"wp-block-separator has-alpha-channel-opacity is-style-wide\"\/>\n\n\n\n<figure class=\"wp-block-gallery has-nested-images columns-default is-cropped wp-block-gallery-1 is-layout-flex wp-block-gallery-is-layout-flex\">\n<figure class=\"wp-block-image size-large\"><img loading=\"lazy\" decoding=\"async\" width=\"1024\" height=\"576\" data-id=\"77\" src=\"https:\/\/wkservice.com.br\/wp-content\/uploads\/2024\/08\/998-21960900-IC-1920x1080-1-1024x576.jpg\" alt=\"\" class=\"wp-image-77\" srcset=\"https:\/\/wkservice.com.br\/wp-content\/uploads\/2024\/08\/998-21960900-IC-1920x1080-1-1024x576.jpg 1024w, https:\/\/wkservice.com.br\/wp-content\/uploads\/2024\/08\/998-21960900-IC-1920x1080-1-300x169.jpg 300w, https:\/\/wkservice.com.br\/wp-content\/uploads\/2024\/08\/998-21960900-IC-1920x1080-1-768x432.jpg 768w, https:\/\/wkservice.com.br\/wp-content\/uploads\/2024\/08\/998-21960900-IC-1920x1080-1-1536x864.jpg 1536w, https:\/\/wkservice.com.br\/wp-content\/uploads\/2024\/08\/998-21960900-IC-1920x1080-1.jpg 1920w\" sizes=\"(max-width: 1024px) 100vw, 1024px\" \/><\/figure>\n\n\n\n<figure class=\"wp-block-image size-large\"><img loading=\"lazy\" decoding=\"async\" width=\"276\" height=\"183\" data-id=\"76\" src=\"https:\/\/wkservice.com.br\/wp-content\/uploads\/2024\/08\/images.jpg\" alt=\"\" class=\"wp-image-76\"\/><\/figure>\n\n\n\n<figure class=\"wp-block-image size-large\"><img loading=\"lazy\" decoding=\"async\" width=\"1024\" height=\"341\" data-id=\"78\" src=\"https:\/\/wkservice.com.br\/wp-content\/uploads\/2024\/08\/slider-1-2-1024x341.jpg\" alt=\"\" class=\"wp-image-78\" srcset=\"https:\/\/wkservice.com.br\/wp-content\/uploads\/2024\/08\/slider-1-2-1024x341.jpg 1024w, https:\/\/wkservice.com.br\/wp-content\/uploads\/2024\/08\/slider-1-2-300x100.jpg 300w, https:\/\/wkservice.com.br\/wp-content\/uploads\/2024\/08\/slider-1-2-768x256.jpg 768w, https:\/\/wkservice.com.br\/wp-content\/uploads\/2024\/08\/slider-1-2.jpg 1200w\" sizes=\"(max-width: 1024px) 100vw, 1024px\" \/><\/figure>\n<\/figure>\n","protected":false},"excerpt":{"rendered":"<p>Somos a &#8220;Weise Kraft Service&#8221;, uma empresa especializada em manuten\u00e7\u00e3o, reparo e suporte t\u00e9cnico de equipamentos CNC. Atuando no mercado desde 2014, busca proporcionar ao cliente a m\u00e1xima produtividade, com base em nossas solu\u00e7\u00f5es. Estamos localizados na cidade de Jaragu\u00e1 do Sul\/ SC e atendemos todo o Brasil.<\/p>\n","protected":false},"author":1,"featured_media":0,"parent":0,"menu_order":0,"comment_status":"closed","ping_status":"open","template":"","meta":{"_monsterinsights_skip_tracking":false,"_monsterinsights_sitenote_active":false,"_monsterinsights_sitenote_note":"","_monsterinsights_sitenote_category":0,"_kad_post_transparent":"","_kad_post_title":"","_kad_post_layout":"default","_kad_post_sidebar_id":"","_kad_post_content_style":"","_kad_post_vertical_padding":"","_kad_post_feature":"","_kad_post_feature_position":"","_kad_post_header":false,"_kad_post_footer":false,"footnotes":""},"class_list":["post-2","page","type-page","status-publish","hentry"],"aioseo_notices":[],"_links":{"self":[{"href":"https:\/\/wkservice.com.br\/index.php?rest_route=\/wp\/v2\/pages\/2"}],"collection":[{"href":"https:\/\/wkservice.com.br\/index.php?rest_route=\/wp\/v2\/pages"}],"about":[{"href":"https:\/\/wkservice.com.br\/index.php?rest_route=\/wp\/v2\/types\/page"}],"author":[{"embeddable":true,"href":"https:\/\/wkservice.com.br\/index.php?rest_route=\/wp\/v2\/users\/1"}],"replies":[{"embeddable":true,"href":"https:\/\/wkservice.com.br\/index.php?rest_route=%2Fwp%2Fv2%2Fcomments&post=2"}],"version-history":[{"count":10,"href":"https:\/\/wkservice.com.br\/index.php?rest_route=\/wp\/v2\/pages\/2\/revisions"}],"predecessor-version":[{"id":84,"href":"https:\/\/wkservice.com.br\/index.php?rest_route=\/wp\/v2\/pages\/2\/revisions\/84"}],"wp:attachment":[{"href":"https:\/\/wkservice.com.br\/index.php?rest_route=%2Fwp%2Fv2%2Fmedia&parent=2"}],"curies":[{"name":"wp","href":"https:\/\/api.w.org\/{rel}","templated":true}]}}